{"id":1232,"date":"2020-12-12T10:43:42","date_gmt":"2020-12-12T10:43:42","guid":{"rendered":"https:\/\/pferdehaar-armbaender.de\/?post_type=product&#038;p=1232"},"modified":"2022-09-06T17:44:37","modified_gmt":"2022-09-06T16:44:37","slug":"bajonettverschluss","status":"publish","type":"product","link":"https:\/\/pferdehaar-armbaender.de\/?product=bajonettverschluss","title":{"rendered":"Bajonettverschluss"},"content":{"rendered":"\r\n<p>Bajonettverschluss aus Edelstahl (statt dem regul\u00e4ren Magnetverschluss) f\u00fcr alle g\u00e4ngigen Varianten der Pferdehaararmb\u00e4 der.<\/p>\r\n","protected":false},"excerpt":{"rendered":"<p style=\"text-align: left;\">Bajonettverschluss aus Edelstahl (statt dem regul\u00e4ren Edelstahlverschluss)<\/p>\n<p style=\"text-align: left;\">\u00a0<\/p>\n<p style=\"text-align: left;\">Hinweis: Falls Sie einen Bajonettverschluss an ihrem Armband haben m\u00f6chten, legen Sie das gew\u00fcnschte Armband\u00a0<strong><em>und<\/em> <\/strong>den Artikel &#8222;Bajonettverschluss&#8220; in den Warenkorb<\/p>\n","protected":false},"featured_media":6299,"comment_status":"closed","ping_status":"closed","template":"","meta":[],"product_cat":[40,35],"product_tag":[],"class_list":{"0":"post-1232","1":"product","2":"type-product","3":"status-publish","4":"has-post-thumbnail","6":"product_cat-unkategorisiert","7":"product_cat-schmuck","9":"first","10":"instock","11":"shipping-taxable","12":"purchasable","13":"product-type-simple"},"_links":{"self":[{"href":"https:\/\/pferdehaar-armbaender.de\/index.php?rest_route=\/wp\/v2\/product\/1232","targetHints":{"allow":["GET"]}}],"collection":[{"href":"https:\/\/pferdehaar-armbaender.de\/index.php?rest_route=\/wp\/v2\/product"}],"about":[{"href":"https:\/\/pferdehaar-armbaender.de\/index.php?rest_route=\/wp\/v2\/types\/product"}],"replies":[{"embeddable":true,"href":"https:\/\/pferdehaar-armbaender.de\/index.php?rest_route=%2Fwp%2Fv2%2Fcomments&post=1232"}],"wp:featuredmedia":[{"embeddable":true,"href":"https:\/\/pferdehaar-armbaender.de\/index.php?rest_route=\/wp\/v2\/media\/6299"}],"wp:attachment":[{"href":"https:\/\/pferdehaar-armbaender.de\/index.php?rest_route=%2Fwp%2Fv2%2Fmedia&parent=1232"}],"wp:term":[{"taxonomy":"product_cat","embeddable":true,"href":"https:\/\/pferdehaar-armbaender.de\/index.php?rest_route=%2Fwp%2Fv2%2Fproduct_cat&post=1232"},{"taxonomy":"product_tag","embeddable":true,"href":"https:\/\/pferdehaar-armbaender.de\/index.php?rest_route=%2Fwp%2Fv2%2Fproduct_tag&post=1232"}],"curies":[{"name":"wp","href":"https:\/\/api.w.org\/{rel}","templated":true}]}}