{"id":1105,"date":"2020-04-11T12:56:29","date_gmt":"2020-04-11T12:56:29","guid":{"rendered":"http:\/\/pferdehaar-armbaender.de\/?post_type=product&#038;p=1105"},"modified":"2025-07-26T07:38:22","modified_gmt":"2025-07-26T06:38:22","slug":"ring-mit-pferdehaar","status":"publish","type":"product","link":"https:\/\/pferdehaar-armbaender.de\/?product=ring-mit-pferdehaar","title":{"rendered":"Ring mit Pferdehaar"},"content":{"rendered":"<p style=\"text-align: center;\">Ring mit Schweifhaar<\/p>\n<p style=\"text-align: center;\">Verf\u00fcgbar in den Gr\u00f6\u00dfen: 6 &#8211; 12<\/p>\n<p style=\"text-align: center;\">Ma\u00dfe: au\u00dfen: 5mm<\/p>\n<p style=\"text-align: center;\">Material: 925er Silber<\/p>\n<p style=\"text-align: center;\">Bitte immer die gew\u00fcnschte Ringgr\u00f6\u00dfe angeben. Ben\u00f6tigt wird eine mind. 20 cm lange, d\u00fcnne Str\u00e4hne von M\u00e4hne oder Schweif.<\/p>\n<p style=\"text-align: center;\">\u2022 Fertigungsdauer 2-4 Monate \u2022<\/p>\n","protected":false},"excerpt":{"rendered":"<p style=\"text-align: center;\">Ring mit Schweifhaar<\/p>\n<p style=\"text-align: center;\">Verf\u00fcgbar in den Gr\u00f6\u00dfen: 6 &#8211; 12<\/p>\n<p style=\"text-align: center;\">Ma\u00dfe: au\u00dfen: 5mm<\/p>\n<p style=\"text-align: center;\">Material: 925er Silber<\/p>\n<p>&nbsp;<\/p>\n<p>&nbsp;<\/p>\n<p style=\"text-align: center;\">Bitte immer die gew\u00fcnschte Ringgr\u00f6\u00dfe angeben!<\/p>\n<p style=\"text-align: center;\">\u2022 Lieferdauer 2-4 Monate \u2022<\/p>\n","protected":false},"featured_media":1106,"comment_status":"open","ping_status":"closed","template":"","meta":[],"product_cat":[40,35],"product_tag":[37],"class_list":{"0":"post-1105","1":"product","2":"type-product","3":"status-publish","4":"has-post-thumbnail","6":"product_cat-unkategorisiert","7":"product_cat-schmuck","8":"product_tag-ring","10":"first","11":"instock","12":"sale","13":"shipping-taxable","14":"purchasable","15":"product-type-simple"},"_links":{"self":[{"href":"https:\/\/pferdehaar-armbaender.de\/index.php?rest_route=\/wp\/v2\/product\/1105","targetHints":{"allow":["GET"]}}],"collection":[{"href":"https:\/\/pferdehaar-armbaender.de\/index.php?rest_route=\/wp\/v2\/product"}],"about":[{"href":"https:\/\/pferdehaar-armbaender.de\/index.php?rest_route=\/wp\/v2\/types\/product"}],"replies":[{"embeddable":true,"href":"https:\/\/pferdehaar-armbaender.de\/index.php?rest_route=%2Fwp%2Fv2%2Fcomments&post=1105"}],"wp:featuredmedia":[{"embeddable":true,"href":"https:\/\/pferdehaar-armbaender.de\/index.php?rest_route=\/wp\/v2\/media\/1106"}],"wp:attachment":[{"href":"https:\/\/pferdehaar-armbaender.de\/index.php?rest_route=%2Fwp%2Fv2%2Fmedia&parent=1105"}],"wp:term":[{"taxonomy":"product_cat","embeddable":true,"href":"https:\/\/pferdehaar-armbaender.de\/index.php?rest_route=%2Fwp%2Fv2%2Fproduct_cat&post=1105"},{"taxonomy":"product_tag","embeddable":true,"href":"https:\/\/pferdehaar-armbaender.de\/index.php?rest_route=%2Fwp%2Fv2%2Fproduct_tag&post=1105"}],"curies":[{"name":"wp","href":"https:\/\/api.w.org\/{rel}","templated":true}]}}