{"id":910,"date":"2017-12-24T08:43:21","date_gmt":"2017-12-24T08:43:21","guid":{"rendered":"http:\/\/pferdehaar-armbaender.de\/?page_id=910"},"modified":"2025-07-07T18:49:00","modified_gmt":"2025-07-07T17:49:00","slug":"informationen-3","status":"publish","type":"page","link":"https:\/\/pferdehaar-armbaender.de\/?page_id=910","title":{"rendered":"Informationen"},"content":{"rendered":"<blockquote>\n<p style=\"text-align: center;\"><span style=\"font-size: 12pt;\"><em><strong>Lieber Besucher, liebe Besucherin<\/strong>,<\/em><\/span><\/p>\n<\/blockquote>\n<p style=\"text-align: center;\"><span style=\"font-size: 12pt;\">Ich freue mich, dass Sie sich f\u00fcr meine Arbeit interessieren und m\u00f6chte Ihnen an dieser Stelle einige weitere Informationen zu meinem Schmuck geben.<\/span><\/p>\n<p style=\"text-align: center;\"><span style=\"font-size: 12pt;\">Da die Verschl\u00fcsse und Gravurelemente, sofern nicht anders beschrieben, aus Edelstahl sind, laufen diese nicht an, verf\u00e4rben sich nicht und l\u00f6sen im Normalfall keine allergischen Reaktionen aus. Der Schmuck ist f\u00fcr (fast) jeden geeignet! Sollten Sie eine Pferdehaarallergie haben, fragen Sie bitte zuerst ihren Arzt, ob diese Art von Schmuck f\u00fcr Sie geeignet ist.<\/span><\/p>\n<p style=\"text-align: center;\"><span style=\"font-size: 12pt;\">Bei entsprechender Pflege kann der Schmuck ohne Probleme t\u00e4glich getragen werden.<\/span><\/p>\n<p style=\"text-align: center;\"><span style=\"font-size: 12pt;\">Sie vertrauen mir ein &#8222;Teil&#8220; ihres geliebten Vierbeiners an, um ein einzigartiges Schmuckst\u00fcck zu erhalten. Daher ist es in meinem Interesse, dass Sie zufrieden sind. Um das Schmuckst\u00fcck nach Ihren Vorstellungen gestalten zu k\u00f6nnen, beschreiben Sie ihre W\u00fcnsche bitte so genau wie m\u00f6glich bzw. n\u00f6tig, um Missverst\u00e4ndnisse zu vermeiden.<\/span><\/p>\n<hr \/>\n<p style=\"text-align: center;\"><span style=\"font-size: 12pt;\"><strong><span style=\"text-decoration: underline;\">Pflege-Information <\/span><\/strong><\/span><br \/>\n<span style=\"font-size: 12pt;\">Das Armband, je nach Bedarf, in regelm\u00e4\u00dfigen Abst\u00e4nden (etwa alle 7-10 Tage) mit einem Haar\u00f6l einreiben. Dies verhindert das Brechen und Austrocknen der Pferdehaare. Staub und Schutz k\u00f6nnen bei Bedarf mit einer weichen B\u00fcrste und klarem Wasser abgesp\u00fclt werden.<\/span><\/p>\n<hr \/>\n<p style=\"text-align: center;\"><span style=\"text-decoration: underline; font-size: 12pt;\"><strong>Was muss ich tun, um ein Schmuckst\u00fcck zu erhalten?<\/strong><\/span><\/p>\n<p style=\"text-align: center;\"><span style=\"font-size: 12pt;\">Informieren Sie sich zun\u00e4chst in Ruhe \u00fcber die Gestaltungsm\u00f6glichkeiten der Schmuckst\u00fccke; wenn Sie wissen, was Sie m\u00f6chten, laden Sie sich am besten unter &#8211; Downloads &#8211; das <em>Bestellformular<\/em> herunter und f\u00fcllen dies vollst\u00e4ndig aus. Pro Armband kann nur <em>eine<\/em> Flechtart angegeben werden: Flach, rund, Bauernzopf oder Fischgr\u00e4tenmuster.<\/span><\/p>\n<p style=\"text-align: center;\"><span style=\"font-size: 12pt;\"><span style=\"text-decoration: underline;\">Wichtig!<\/span>: Beim Ausf\u00fcllen ist zu beachten, dass der Handgelenksumfang der gew\u00fcnschten Endl\u00e4nge des fertigen Schmuckst\u00fccks entspricht!<\/span><\/p>\n<p style=\"text-align: center;\"><span style=\"font-size: 12pt;\">\u00a0Das Formular wird dann zusammen mit einer stiftdicken, 40 cm langen Str\u00e4hne (bitte vorher nach M\u00f6glichkeit zusammenbinden &#8211; Waschen\/Reinigen ist nicht n\u00f6tig und im Zweifel eher kontraproduktiv) an folgende Adresse geschickt:<\/span><\/p>\n<p style=\"text-align: center;\"><span style=\"font-size: 12pt;\"><strong>Carolin Drescher\u00a0<\/strong><\/span><\/p>\n<p style=\"text-align: center;\"><span style=\"font-size: 12pt;\"><strong>Im Wiesengrund 46 <\/strong><\/span><\/p>\n<p style=\"text-align: center;\"><strong style=\"font-size: 12pt;\">37441 Bad Sachsa<\/strong><\/p>\n<p style=\"text-align: center;\"><span style=\"font-size: 12pt;\">\u00a0F\u00fcr unversichert versendete Umschl\u00e4ge, die an mich adressiert sind, kann ich keine Haftung \u00fcbernehmen.<\/span><\/p>\n<hr \/>\n<p style=\"text-align: center;\"><span style=\"font-size: 12pt;\"><strong><span style=\"text-decoration: underline;\">Zahlung<\/span><\/strong><\/span><\/p>\n<p style=\"text-align: center;\"><span style=\"font-size: 12pt;\">Zu bezahlen ist der Schmuck in <strong>Vorkasse<\/strong><\/span><\/p>\n<p style=\"text-align: center;\">\n<p style=\"text-align: center;\"><span style=\"font-size: 12pt;\">Beachten Sie bitte:\u00a0Erst wenn das Geld f\u00fcr Ihre Bestellung eingegangen ist, kann ich mit dem Auftrag beginnen.<\/span><\/p>\n<hr \/>\n<p style=\"text-align: center;\"><span style=\"font-size: 12pt;\"><strong><span style=\"text-decoration: underline;\">Lieferzeiten:<\/span><\/strong><\/span><\/p>\n<p style=\"text-align: center;\"><span style=\"font-size: 12pt;\">Modell Classic:\u00a0ca. 4 Wochen<\/span><\/p>\n<p style=\"text-align: center;\"><span style=\"font-size: 12pt;\">Modell Pure, Elegance, Elegance plus: 8 Wochen<\/span><\/p>\n<p style=\"text-align: center;\"><span style=\"font-size: 12pt;\">&#8211; Abweichungen m\u00f6glich &#8211;<\/span><\/p>\n<p style=\"text-align: center;\"><span style=\"font-size: 12pt;\">\u00a0 \u00a0 \u00a0 \u00a0 \u00a0 \u00a0 \u00a0 \u00a0 \u00a0 \u00a0 \u00a0 \u00a0 \u00a0 \u00a0 \u00a0 \u00a0 \u00a0 \u00a0 \u00a0 \u00a0 \u00a0 \u00a0 \u00a0 \u00a0 \u00a0 \u00a0 \u00a0 \u00a0 \u00a0 \u00a0 \u00a0 \u00a0 \u00a0 \u00a0 \u00a0 \u00a0 \u00a0 \u00a0 \u00a0 \u00a0 \u00a0 \u00a0 \u00a0<\/span><\/p>\n<p style=\"text-align: center;\"><span style=\"font-size: 12pt;\"> \u00a0 \u00a0 \u00a0\u00a0<strong>Bitte erfragen Sie die aktuelle Auftragslage.<\/strong><\/span><\/p>\n","protected":false},"excerpt":{"rendered":"<p>Lieber Besucher, liebe Besucherin, Ich freue mich, dass Sie sich f\u00fcr meine Arbeit interessieren und m\u00f6chte Ihnen an dieser Stelle&hellip;<\/p>\n","protected":false},"author":1,"featured_media":0,"parent":0,"menu_order":0,"comment_status":"closed","ping_status":"closed","template":"","meta":{"footnotes":""},"class_list":["post-910","page","type-page","status-publish","hentry"],"_links":{"self":[{"href":"https:\/\/pferdehaar-armbaender.de\/index.php?rest_route=\/wp\/v2\/pages\/910","targetHints":{"allow":["GET"]}}],"collection":[{"href":"https:\/\/pferdehaar-armbaender.de\/index.php?rest_route=\/wp\/v2\/pages"}],"about":[{"href":"https:\/\/pferdehaar-armbaender.de\/index.php?rest_route=\/wp\/v2\/types\/page"}],"author":[{"embeddable":true,"href":"https:\/\/pferdehaar-armbaender.de\/index.php?rest_route=\/wp\/v2\/users\/1"}],"replies":[{"embeddable":true,"href":"https:\/\/pferdehaar-armbaender.de\/index.php?rest_route=%2Fwp%2Fv2%2Fcomments&post=910"}],"version-history":[{"count":9,"href":"https:\/\/pferdehaar-armbaender.de\/index.php?rest_route=\/wp\/v2\/pages\/910\/revisions"}],"predecessor-version":[{"id":12762,"href":"https:\/\/pferdehaar-armbaender.de\/index.php?rest_route=\/wp\/v2\/pages\/910\/revisions\/12762"}],"wp:attachment":[{"href":"https:\/\/pferdehaar-armbaender.de\/index.php?rest_route=%2Fwp%2Fv2%2Fmedia&parent=910"}],"curies":[{"name":"wp","href":"https:\/\/api.w.org\/{rel}","templated":true}]}}