{"id":68,"date":"2015-09-19T14:16:38","date_gmt":"2015-09-19T14:16:38","guid":{"rendered":"http:\/\/pferdehaar-armbaender.de\/?page_id=68"},"modified":"2020-12-08T18:57:13","modified_gmt":"2020-12-08T18:57:13","slug":"agb","status":"publish","type":"page","link":"https:\/\/pferdehaar-armbaender.de\/?page_id=68","title":{"rendered":"AGB\/Datenschutz"},"content":{"rendered":"<p><span style=\"font-size: 12pt;\"><strong>DSGVO (Stand Mai 2018)<\/strong><\/span><\/p>\n<p><span style=\"font-size: 12pt;\">Ihre Daten werden ausschlie\u00dflich zum daf\u00fcr vorgesehenen Zweck verwendet: Einkauf in Online Shop; Kontaktaufnahme<\/span><\/p>\n<p><span style=\"font-size: 12pt;\">Die dabei anfallenden Daten werden nach Abschluss des Auftrages gel\u00f6scht. Die Rechnungen m\u00fcssen allerdings anonymisiert aufbewahrt werden.<\/span><\/p>\n<p><span style=\"font-size: 12pt;\">Wir verwenden Google Analytics.<\/span><\/p>\n<p><span style=\"font-size: 12pt;\">Sie haben jederzeit das Recht, Auskunft \u00fcber die von Ihnen \u00fcbermittelten Daten zu erhalten, diese zu berichtigen und ihre Verarbeitung einzuschr\u00e4nken. Ihre Daten k\u00f6nnen jederzeit gel\u00f6scht werden, sofern alle f\u00fcr die Bestellung notwendigen Daten \u00fcbermittelt wurden.<\/span><\/p>\n<p><span style=\"font-size: 12pt;\">Bei Beschwerden hinsichtlich des Datenschutzes k\u00f6nnen Sie sich jederzeit an mich unter folgender Email Adresse wenden: cd.pferdehaarschmuck@web.de<\/span><\/p>\n<p><span style=\"font-size: 12pt;\">Zudem haben Sie ein Beschwerderecht bei den zust\u00e4ndigen Aufsichtsbeh\u00f6rden.<\/span><\/p>\n<p><span style=\"font-size: 12pt;\">meine Gesch\u00e4ftsbedingungen der Firma Armb\u00e4nder aus Pferdehaar &#8211; CD Pferdehaarschmuck<\/span><br \/>\n<span style=\"font-size: 12pt;\">\u00a71 Geltung gegen\u00fcber Unternehmern und Begriffsdefinitionen<\/span><\/p>\n<p><span style=\"font-size: 12pt;\"><strong>Allgemeine Gesch\u00e4ftsbedingungen<\/strong><\/span><\/p>\n<p><span style=\"font-size: 12pt;\">(1) Die nachfolgenden Allgemeinen Gesch\u00e4ftbedingungen gelten f\u00fcr alle Lieferungen zwischen uns und einem Verbraucher in ihrer zum Zeitpunkt der Bestellung g\u00fcltigen Fassung.<\/span><\/p>\n<p><span style=\"font-size: 12pt;\">Verbraucher ist jede nat\u00fcrliche Person, die ein Rechtsgesch\u00e4ft zu Zwecken abschlie\u00dft, die \u00fcberwiegend weder ihrer gewerblichen noch ihrer selbst\u00e4ndigen beruflichen T\u00e4tigkeit zugerechnet werden k\u00f6nnen (\u00a7 13 BGB).<\/span><br \/>\n<span style=\"font-size: 12pt;\">\u00a72 Zustandekommen eines Vertrages, Speicherung des Vertragstextes<\/span><\/p>\n<p><span style=\"font-size: 12pt;\">(1) Die folgenden Regelungen \u00fcber den Vertragsabschluss gelten f\u00fcr Bestellungen \u00fcber unseren Internetshop http:\/\/www.pferdehaar-armbaender.de .<\/span><\/p>\n<p><span style=\"font-size: 12pt;\"><b>(2) Im Falle des Vertragsschlusses kommt der Vertrag mit<br \/>\n<\/b><\/span><\/p>\n<div><span style=\"font-size: 12pt;\">Armb\u00e4nder aus Pferdehaar &#8211; CD Pferdehaarschmuck<\/span><br \/>\n<span style=\"font-size: 12pt;\">Carolin Drescher<\/span><br \/>\n<span style=\"font-size: 12pt;\">Heidebergstra\u00dfe 4<\/span><br \/>\n<span style=\"font-size: 12pt;\">D-37441 Bad Sachsa<\/span><\/div>\n<p><span style=\"font-size: 12pt;\"><b>zustande.<br \/>\n<\/b><\/span><br \/>\n<span style=\"font-size: 12pt;\">(3) Die Pr\u00e4sentation der Waren in unserem Internetshop stellen kein rechtlich bindendes Vertragsangebot unsererseits dar, sondern sind nur eine unverbindliche Aufforderungen an den Verbraucher, Waren zu bestellen. Mit der Bestellung der gew\u00fcnschten Ware gibt der Verbraucher ein f\u00fcr ihn verbindliches Angebot auf Abschluss eines Kaufvertrages ab.<\/span><\/p>\n<p><span style=\"font-size: 12pt;\">Die Annahme des Angebots erfolgt schriftlich oder per Bestellformular inkl. \u00dcbersendung des Materials (Schweifhaar) f\u00fcr die bestellten Waren.. Nach Ablauf einer Frist von 4 Wochen gilt das Angebot als abgelaufen. (D.h., wenn innerhalb nach 4 Wochen nach Versand vom Schweifhaar keine Zahlung erfolgte)<\/span><\/p>\n<p><span style=\"font-size: 12pt;\">(4) Bei Eingang einer Bestellung in unserem Internetshop gelten folgende Regelungen: Der Verbraucher gibt ein bindendes Vertragsangebot ab, indem er die auf unserer Internetseite beschriebene vorgesehene Bestellprozedur erfolgreich durchl\u00e4uft.<\/span><\/p>\n<p><span style=\"font-size: 12pt;\">Die Bestellung erfolgt in folgenden Schritten:<\/span><\/p>\n<p><span style=\"font-size: 12pt;\">1) Information \u00fcber Gestaltungsm\u00f6glichkeiten \/ Modelle<\/span><br \/>\n<span style=\"font-size: 12pt;\">2) Zusenden vom Bestellformular und dem Schweifhaar<\/span><br \/>\n<span style=\"font-size: 12pt;\">3) Zahlung per \u00dcberweisung oder Paypal (Vorkasse)<\/span><\/p>\n<p><span style=\"font-size: 12pt;\">\u00a73 Preise, Versandkosten, Zahlung, F\u00e4lligkeit<\/span><\/p>\n<p><span style=\"font-size: 12pt;\">(1) Die angegebenen Preise enthalten keine gesetzliche Umsatzsteuer und sonstige Preisbestandteile. Hinzu kommen etwaige, angegebene Versandkosten.<\/span><\/p>\n<p><span style=\"font-size: 12pt;\">(2) Der Verbraucher hat die M\u00f6glichkeit der Zahlung per Vorkasse und per PayPal .<\/span><\/p>\n<p><span style=\"font-size: 12pt;\">(3) Hat der Verbraucher die Zahlung per Vorkasse gew\u00e4hlt, so verpflichtet er sich, den Kaufpreis unverz\u00fcglich nach Vertragsschluss zu zahlen.<\/span><br \/>\n<span style=\"font-size: 12pt;\">\u00a74 Lieferung<\/span><\/p>\n<p><span style=\"font-size: 12pt;\">(1) Sofern wir dies in der Produktbeschreibung nicht deutlich anders angegeben haben, sind alle von uns angebotenen Artikel Auftragsarbeiten. Die Lieferung erfolgt hier unter Vorbehalt sp\u00e4testen innerhalb von 45 Werktagen. Dabei beginnt die Frist f\u00fcr die Lieferung im Falle der Zahlung per Vorkasse am Tag nach Zahlungsauftrag an die mit der \u00dcberweisung beauftragte Bank und bei allen anderen Zahlungsarten am Tag nach Vertragsschluss zu laufen und nach dem Erhalt des Materiales per Post an die Versandadresse. F\u00e4llt das Fristende auf einen Samstag, Sonntag oder gesetzlichen Feiertag am Lieferort, so endet die Frist am n\u00e4chsten Werktag. Zus\u00e4<\/span><\/p>\n<p><span style=\"font-size: 12pt;\">(2) Die Gefahr des zuf\u00e4lligen Untergangs und der zuf\u00e4lligen Verschlechterung der verkauften Sache geht auch beim Versendungskauf erst mit der \u00dcbergabe der Sache an den K\u00e4ufer auf diesen \u00fcber.<\/span><br \/>\n<span style=\"font-size: 12pt;\">\u00a75 Eigentumsvorbehalt<\/span><\/p>\n<p><span style=\"font-size: 12pt;\">Wir behalten uns das Eigentum an der Ware bis zur vollst\u00e4ndigen Bezahlung des Kaufpreises vor.<\/span><\/p>\n<p><span style=\"font-size: 12pt;\">Stand der AGB Mai.2016 &#8211; Gratis AGB<i> erstellt von agb.de<\/i><\/span><\/p>\n<p><span style=\"font-size: 12pt;\"><strong>R\u00fcckgabe<\/strong><\/span><\/p>\n<p style=\"text-align: left;\"><span style=\"font-size: 12pt;\">Alle Ma\u00dfanfertigungen, die auf ausdr\u00fcckliche Bestellung hin angefertigt werden, sind vom Umtausch ausgeschlossen.<\/span><\/p>\n<p style=\"text-align: left;\"><span style=\"font-size: 12pt;\">Bitte beachten Sie, dass die gew\u00fcnschte Endl\u00e4nge lediglich einen Richtwert darstellt. Dieser kann unter Umst\u00e4nden um 2 mm variiren, da alle Schmuckst\u00fccke aus Naturstoff handefertigt werden.<\/span><\/p>\n<p style=\"text-align: left;\"><span style=\"font-size: 12pt;\">Es ist mir wichtig, dass Sie ihre W\u00fcnsche im Bezug auf die Gestaltung des Schmucks eindeutig \u00e4u\u00dfern, um Unstimmigkeiten zu vermeiden. Sofern nicht ausdr\u00fccklich beschrieben, ist die Art der Anbringung mitgesendeter Anh\u00e4nger mir vorbehalten<\/span><\/p>\n<p><span style=\"font-size: 12pt;\"><strong>Garantie<\/strong><\/span><\/p>\n<p style=\"text-align: left;\"><span style=\"font-size: 12pt;\">Beim Versand besch\u00e4digte Artikel m\u00fcssen innerhalb von 3 Tagen reklamiert werden.<\/span><br \/>\n<span style=\"font-size: 12pt;\">Eine sp\u00e4tere Reklamation ist nicht m\u00f6glich.<\/span><\/p>\n<p style=\"text-align: left;\"><span style=\"font-size: 12pt;\">Bitte haben Sie Verst\u00e4ndnis daf\u00fcr, dass ich f\u00fcr eine auftretende Zustandsverschlechterung des Schmuckes keine Verantwortung \u00fcbernehme.<\/span><\/p>\n<p><span style=\"font-size: 12pt;\">Garantie f\u00fcr Schmuck: 6 Monate <\/span><\/p>\n<p><span style=\"font-size: 12pt;\">(ausgeschlossen hiervon sind jegliche Sch\u00e4den am Schweifhaar)<\/span><\/p>\n<hr \/>\n<div class=\"woocommerce woocommerce-gzd woocommerce-gzd-complaints-shortcode\">\n\t\t\t<h3>Alternative Streitbeilegung gem\u00e4\u00df Art. 14 Abs. 1 ODR-VO und \u00a7 36 VSBG:<\/h3>\n\t\n<\/div>\n","protected":false},"excerpt":{"rendered":"<p>DSGVO (Stand Mai 2018) Ihre Daten werden ausschlie\u00dflich zum daf\u00fcr vorgesehenen Zweck verwendet: Einkauf in Online Shop; Kontaktaufnahme Die dabei&hellip;<\/p>\n","protected":false},"author":1,"featured_media":0,"parent":0,"menu_order":5,"comment_status":"closed","ping_status":"closed","template":"","meta":{"footnotes":""},"class_list":["post-68","page","type-page","status-publish","hentry"],"_links":{"self":[{"href":"https:\/\/pferdehaar-armbaender.de\/index.php?rest_route=\/wp\/v2\/pages\/68","targetHints":{"allow":["GET"]}}],"collection":[{"href":"https:\/\/pferdehaar-armbaender.de\/index.php?rest_route=\/wp\/v2\/pages"}],"about":[{"href":"https:\/\/pferdehaar-armbaender.de\/index.php?rest_route=\/wp\/v2\/types\/page"}],"author":[{"embeddable":true,"href":"https:\/\/pferdehaar-armbaender.de\/index.php?rest_route=\/wp\/v2\/users\/1"}],"replies":[{"embeddable":true,"href":"https:\/\/pferdehaar-armbaender.de\/index.php?rest_route=%2Fwp%2Fv2%2Fcomments&post=68"}],"version-history":[{"count":10,"href":"https:\/\/pferdehaar-armbaender.de\/index.php?rest_route=\/wp\/v2\/pages\/68\/revisions"}],"predecessor-version":[{"id":1221,"href":"https:\/\/pferdehaar-armbaender.de\/index.php?rest_route=\/wp\/v2\/pages\/68\/revisions\/1221"}],"wp:attachment":[{"href":"https:\/\/pferdehaar-armbaender.de\/index.php?rest_route=%2Fwp%2Fv2%2Fmedia&parent=68"}],"curies":[{"name":"wp","href":"https:\/\/api.w.org\/{rel}","templated":true}]}}