{"id":217,"date":"2016-04-19T08:28:05","date_gmt":"2016-04-19T08:28:05","guid":{"rendered":"http:\/\/pferdehaar-armbaender.de\/?page_id=217"},"modified":"2026-02-05T04:35:08","modified_gmt":"2026-02-05T03:35:08","slug":"informationen-2","status":"publish","type":"page","link":"https:\/\/pferdehaar-armbaender.de\/?page_id=217","title":{"rendered":"Informationen"},"content":{"rendered":"\n<blockquote class=\"wp-block-quote is-layout-flow wp-block-quote-is-layout-flow\">\n<p><em><strong>Lieber Besucher, liebe Besucherin<\/strong>,<\/em><\/p>\n<\/blockquote>\n\n\n\n<p>Ich freue mich, dass Sie sich f\u00fcr meine Arbeit interessieren und m\u00f6chte Ihnen an dieser Stelle einige weitere Informationen zu meinem Schmuck geben.<\/p>\n\n\n\n<p>Da die Verschl\u00fcsse und Gravurelemente, sofern nicht anders beschrieben, aus Edelstahl sind, laufen diese nicht an, verf\u00e4rben sich nicht und l\u00f6sen im Normalfall keine allergischen Reaktionen aus. Der Schmuck ist f\u00fcr (fast) jeden geeignet! Sollten Sie eine Pferdehaarallergie haben, fragen Sie bitte zuerst ihren Hausarzt, ob diese Art von Schmuck f\u00fcr Sie geeignet ist.<\/p>\n\n\n\n<p>Bei entsprechender Pflege kann der Schmuck ohne Probleme t\u00e4glich getragen werden.<\/p>\n\n\n\n<p>Sie vertrauen mir ein \u201cTeil\u201d ihres geliebten Vierbeiners an, um ein einzigartiges Schmuckst\u00fcck zu erhalten. Daher ist es in meinem Interesse, dass Sie zufrieden sind. Um das Schmuckst\u00fcck nach Ihren Vorstellungen gestalten zu k\u00f6nnen, beschreiben Sie ihre W\u00fcnsche bitte so genau wie m\u00f6glich bzw. n\u00f6tig, um Missverst\u00e4ndnisse zu vermeiden.<\/p>\n\n\n\n<p>Vielen Dank!<\/p>\n\n\n\n<hr class=\"wp-block-separator has-css-opacity\"\/>\n\n\n\n<p><strong>Pflege-Information<\/strong><br>Das Armband, je nach Bedarf, in regelm\u00e4\u00dfigen Abst\u00e4nden (etwa alle 1-2 Wochen mit einem Haar\u00f6l einreiben. Dies verhindert das Brechen und Austrocknen der Pferdehaare. Staub und Schutz k\u00f6nnen bei Bedarf mit einer weichen B\u00fcrste und klarem Wasser abgesp\u00fclt werden.<\/p>\n\n\n\n<hr class=\"wp-block-separator has-css-opacity\"\/>\n\n\n\n<p><strong>Was muss ich tun, um ein Schmuckst\u00fcck zu erhalten?<\/strong><\/p>\n\n\n\n<p>Informieren Sie sich zun\u00e4chst in Ruhe \u00fcber die Gestaltungsm\u00f6glichkeiten der Schmuckst\u00fccke; wenn Sie wissen, was Sie m\u00f6chten, laden Sie sich am besten unter \u2013 Downloads \u2013 das&nbsp;<em>Bestellformular<\/em>&nbsp;herunter und f\u00fcllen dies vollst\u00e4ndig aus. Pro Armband kann nur&nbsp;<em>eine<\/em>&nbsp;Flechtart angegeben werden: Flach, rund, Bauernzopf oder Fischgr\u00e4tenmuster.<\/p>\n\n\n\n<p>Wichtig!: Beim Ausf\u00fcllen ist zu beachten, dass der Handgelenksumfang der gew\u00fcnschten Endl\u00e4nge des fertigen Schmuckst\u00fccks entspricht!<\/p>\n\n\n\n<p>&nbsp;Das Formular wird dann zusammen mit einer stiftdicken, 40 cm langen Str\u00e4hne (bitte vorher nach M\u00f6glichkeit zusammenbinden \u2013 Waschen\/Reinigen ist nicht n\u00f6tig und im Zweifel eher kontraproduktiv) an folgende Adresse geschickt:<\/p>\n\n\n\n<p><strong>Adresse bitte erfragen <\/strong><\/p>\n\n\n\n<p>&nbsp;F\u00fcr unversichert versendete Umschl\u00e4ge, die an mich adressiert sind, kann ich keine Haftung \u00fcbernehmen.<\/p>\n\n\n\n<hr class=\"wp-block-separator has-css-opacity\"\/>\n\n\n\n<p><strong>Zahlung<\/strong><\/p>\n\n\n\n<p>Zu bezahlen ist der Schmuck in&nbsp;<strong>Vorkasse<\/strong><\/p>\n\n\n\n<p><\/p>\n\n\n\n<p>Beachten Sie bitte:&nbsp;Erst wenn das Geld f\u00fcr Ihre Bestellung eingegangen ist, kann ich mit dem Auftrag beginnen.<\/p>\n\n\n\n<hr class=\"wp-block-separator has-css-opacity\"\/>\n\n\n\n<p><strong>Lieferzeiten:<\/strong><\/p>\n\n\n\n<p>Modell Classic:&nbsp;ca. 4 Wochen<\/p>\n\n\n\n<p>Modell Pure, Elegance, Elegance plus: 8 Wochen<\/p>\n\n\n\n<p>\u2013 Abweichungen m\u00f6glich \u2013<\/p>\n\n\n\n<p>&nbsp; &nbsp; &nbsp;&nbsp;<strong>Bitte erfragen Sie die aktuelle Auftragslage.<\/strong><\/p>\n","protected":false},"excerpt":{"rendered":"<p>Lieber Besucher, liebe Besucherin, Ich freue mich, dass Sie sich f\u00fcr meine Arbeit interessieren und m\u00f6chte Ihnen an dieser Stelle&hellip;<\/p>\n","protected":false},"author":1,"featured_media":0,"parent":0,"menu_order":0,"comment_status":"closed","ping_status":"closed","template":"","meta":{"footnotes":""},"class_list":["post-217","page","type-page","status-publish","hentry"],"_links":{"self":[{"href":"https:\/\/pferdehaar-armbaender.de\/index.php?rest_route=\/wp\/v2\/pages\/217","targetHints":{"allow":["GET"]}}],"collection":[{"href":"https:\/\/pferdehaar-armbaender.de\/index.php?rest_route=\/wp\/v2\/pages"}],"about":[{"href":"https:\/\/pferdehaar-armbaender.de\/index.php?rest_route=\/wp\/v2\/types\/page"}],"author":[{"embeddable":true,"href":"https:\/\/pferdehaar-armbaender.de\/index.php?rest_route=\/wp\/v2\/users\/1"}],"replies":[{"embeddable":true,"href":"https:\/\/pferdehaar-armbaender.de\/index.php?rest_route=%2Fwp%2Fv2%2Fcomments&post=217"}],"version-history":[{"count":9,"href":"https:\/\/pferdehaar-armbaender.de\/index.php?rest_route=\/wp\/v2\/pages\/217\/revisions"}],"predecessor-version":[{"id":12774,"href":"https:\/\/pferdehaar-armbaender.de\/index.php?rest_route=\/wp\/v2\/pages\/217\/revisions\/12774"}],"wp:attachment":[{"href":"https:\/\/pferdehaar-armbaender.de\/index.php?rest_route=%2Fwp%2Fv2%2Fmedia&parent=217"}],"curies":[{"name":"wp","href":"https:\/\/api.w.org\/{rel}","templated":true}]}}