{"id":209,"date":"2016-02-21T14:36:26","date_gmt":"2016-02-21T14:36:26","guid":{"rendered":"http:\/\/pferdehaar-armbaender.de\/?page_id=209"},"modified":"2020-12-08T18:42:59","modified_gmt":"2020-12-08T18:42:59","slug":"online-shop","status":"publish","type":"page","link":"https:\/\/pferdehaar-armbaender.de\/?page_id=209","title":{"rendered":"Flechtarten"},"content":{"rendered":"<p style=\"text-align: center;\"><span style=\"font-family: 'Work Sans'; font-size: 12pt;\">F\u00fcr Ihren Schmuck k\u00f6nnen Sie zwischen den folgenden Flechtarten w\u00e4hlen:<\/span><\/p>\n<figure id=\"attachment_366\" aria-describedby=\"caption-attachment-366\" style=\"width: 300px\" class=\"wp-caption alignnone\"><img loading=\"lazy\" decoding=\"async\" class=\"wp-image-366 size-medium\" src=\"https:\/\/pferdehaar-armbaender.de\/wp-content\/uploads\/IMG_0071dfgdxc-300x172.jpg\" alt=\"\" width=\"300\" height=\"172\" srcset=\"https:\/\/pferdehaar-armbaender.de\/wp-content\/uploads\/IMG_0071dfgdxc-300x172.jpg 300w, https:\/\/pferdehaar-armbaender.de\/wp-content\/uploads\/IMG_0071dfgdxc-600x344.jpg 600w, https:\/\/pferdehaar-armbaender.de\/wp-content\/uploads\/IMG_0071dfgdxc-768x440.jpg 768w, https:\/\/pferdehaar-armbaender.de\/wp-content\/uploads\/IMG_0071dfgdxc-1024x586.jpg 1024w\" sizes=\"auto, (max-width: 300px) 100vw, 300px\" \/><figcaption id=\"caption-attachment-366\" class=\"wp-caption-text\"><span style=\"font-size: 12pt;\"><strong>flach<\/strong><\/span><\/figcaption><\/figure>\n<p class=\"mceTemp\">\n<figure id=\"attachment_213\" aria-describedby=\"caption-attachment-213\" style=\"width: 300px\" class=\"wp-caption aligncenter\"><img loading=\"lazy\" decoding=\"async\" class=\"size-medium wp-image-213\" src=\"http:\/\/pferdehaar-armbaender.de\/wp-content\/uploads\/IMG_4661ihj-e1460555406411-300x128.jpg\" alt=\"Bauernzopf\" width=\"300\" height=\"128\" srcset=\"https:\/\/pferdehaar-armbaender.de\/wp-content\/uploads\/IMG_4661ihj-e1460555406411-300x128.jpg 300w, https:\/\/pferdehaar-armbaender.de\/wp-content\/uploads\/IMG_4661ihj-e1460555406411-600x256.jpg 600w, https:\/\/pferdehaar-armbaender.de\/wp-content\/uploads\/IMG_4661ihj-e1460555406411-768x328.jpg 768w, https:\/\/pferdehaar-armbaender.de\/wp-content\/uploads\/IMG_4661ihj-e1460555406411-1024x437.jpg 1024w\" sizes=\"auto, (max-width: 300px) 100vw, 300px\" \/><figcaption id=\"caption-attachment-213\" class=\"wp-caption-text\"><span style=\"font-size: 12pt;\"><strong><span style=\"font-family: 'Work Sans';\">Bauernzopf<\/span><\/strong><\/span><\/figcaption><\/figure>\n<figure id=\"attachment_168\" aria-describedby=\"caption-attachment-168\" style=\"width: 300px\" class=\"wp-caption aligncenter\"><img loading=\"lazy\" decoding=\"async\" class=\"size-medium wp-image-168\" src=\"http:\/\/pferdehaar-armbaender.de\/wp-content\/uploads\/IMG_9337m-300x175.jpg\" alt=\"Rundgeflochten\" width=\"300\" height=\"175\" srcset=\"https:\/\/pferdehaar-armbaender.de\/wp-content\/uploads\/IMG_9337m-300x175.jpg 300w, https:\/\/pferdehaar-armbaender.de\/wp-content\/uploads\/IMG_9337m-scaled-600x351.jpg 600w, https:\/\/pferdehaar-armbaender.de\/wp-content\/uploads\/IMG_9337m-1024x599.jpg 1024w\" sizes=\"auto, (max-width: 300px) 100vw, 300px\" \/><figcaption id=\"caption-attachment-168\" class=\"wp-caption-text\"><strong><span style=\"font-family: 'Work Sans'; font-size: 12pt;\">rund<\/span><\/strong><\/figcaption><\/figure>\n<p style=\"text-align: center;\">Hinweis: Das Fischgr\u00e4tenmuster ist ab sofort nicht mehr regul\u00e4r erh\u00e4ltlich (Stand: Juni 2019)<\/p>\n","protected":false},"excerpt":{"rendered":"<p>F\u00fcr Ihren Schmuck k\u00f6nnen Sie zwischen den folgenden Flechtarten w\u00e4hlen: Hinweis: Das Fischgr\u00e4tenmuster ist ab sofort nicht mehr regul\u00e4r erh\u00e4ltlich&hellip;<\/p>\n","protected":false},"author":1,"featured_media":0,"parent":0,"menu_order":0,"comment_status":"closed","ping_status":"closed","template":"","meta":{"footnotes":""},"class_list":["post-209","page","type-page","status-publish","hentry"],"_links":{"self":[{"href":"https:\/\/pferdehaar-armbaender.de\/index.php?rest_route=\/wp\/v2\/pages\/209","targetHints":{"allow":["GET"]}}],"collection":[{"href":"https:\/\/pferdehaar-armbaender.de\/index.php?rest_route=\/wp\/v2\/pages"}],"about":[{"href":"https:\/\/pferdehaar-armbaender.de\/index.php?rest_route=\/wp\/v2\/types\/page"}],"author":[{"embeddable":true,"href":"https:\/\/pferdehaar-armbaender.de\/index.php?rest_route=\/wp\/v2\/users\/1"}],"replies":[{"embeddable":true,"href":"https:\/\/pferdehaar-armbaender.de\/index.php?rest_route=%2Fwp%2Fv2%2Fcomments&post=209"}],"version-history":[{"count":6,"href":"https:\/\/pferdehaar-armbaender.de\/index.php?rest_route=\/wp\/v2\/pages\/209\/revisions"}],"predecessor-version":[{"id":1212,"href":"https:\/\/pferdehaar-armbaender.de\/index.php?rest_route=\/wp\/v2\/pages\/209\/revisions\/1212"}],"wp:attachment":[{"href":"https:\/\/pferdehaar-armbaender.de\/index.php?rest_route=%2Fwp%2Fv2%2Fmedia&parent=209"}],"curies":[{"name":"wp","href":"https:\/\/api.w.org\/{rel}","templated":true}]}}