{"id":2,"date":"2015-09-16T04:24:25","date_gmt":"2015-09-16T03:24:25","guid":{"rendered":"http:\/\/wp431m.a10-52-158-154.qa.plesk.ru\/wordpress\/?page_id=2"},"modified":"2025-01-19T20:26:12","modified_gmt":"2025-01-19T19:26:12","slug":"start","status":"publish","type":"page","link":"https:\/\/pferdehaar-armbaender.de\/","title":{"rendered":"Herzlich Willkommen"},"content":{"rendered":"\n<p><\/p>\n\n\n\n<p class=\"has-text-align-center\">&#x25aa;\ufe0e CD Pferdehaarschmuck &#8211; est. 2015 &#x25aa;\ufe0e<\/p>\n\n\n\n<p class=\"has-text-align-center\"><\/p>\n\n\n\n<hr class=\"wp-block-separator has-alpha-channel-opacity\"\/>\n\n\n\n<p><strong>Entdecken Sie die Einzigartigkeit \u2013 Ihr individuelles Schmuckst\u00fcck aus Schweifhaar<\/strong><\/p>\n\n\n\n<p>Sind Sie auf der Suche nach einem ganz besonderen Schmuckst\u00fcck, das Ihre Liebe zu ihrem Pferden auf stilvolle Weise zum Ausdruck bringt? Unser handgefertigtes Armband aus Schweifhaar ist mehr als nur ein Accessoire \u2013 es ist ein pers\u00f6nliches Statement.<\/p>\n\n\n\n<ul class=\"wp-block-list\">\n<li><strong>Einzigartig und Pers\u00f6nlich:<\/strong> Jedes Armband wird individuell aus dem Schweifhaar Ihres eigenen Pferdes gefertigt. Tragen Sie stets ein St\u00fcck Ihres treuen Begleiters bei sich.<\/li>\n\n\n\n<li><strong>Handgefertigte Qualit\u00e4t:<\/strong> mit meiner langj\u00e4hrigen Erfahrung verarbeite ich das Schweifhaar mit h\u00f6chster Sorgfalt und Liebe zum Detail  zu einem einzigartigen Schmuckst\u00fcck.<\/li>\n\n\n\n<li><strong>Perfektes Geschenk:<\/strong> Ob zum Geburtstag, Jubil\u00e4um oder als besondere Erinnerung \u2013 ein unvergessliches Geschenk f\u00fcr jeden Pferdeliebhaber.<\/li>\n<\/ul>\n\n\n\n<p><\/p>\n\n\n\n<hr class=\"wp-block-separator has-alpha-channel-opacity\"\/>\n\n\n\n<p><\/p>\n\n\n\n<p><\/p>\n\n\n\n<p><\/p>\n\n\n\n<p class=\"has-text-align-center\"><\/p>\n\n\n\n<p class=\"has-text-align-center\"><\/p>\n\n\n\n<p><\/p>\n\n\n\n<p><\/p>\n\n\n\n<p><\/p>\n\n\n\n<p><\/p>\n\n\n\n<p><\/p>\n\n\n\n<h2 class=\"wp-block-heading has-text-align-center\"><\/h2>\n\n\n\n<p><\/p>\n\n\n\n<div class=\"wp-block-columns is-layout-flex wp-container-core-columns-is-layout-9d6595d7 wp-block-columns-is-layout-flex\">\n<div class=\"wp-block-column is-layout-flow wp-block-column-is-layout-flow\" style=\"flex-basis:100%\">\n<div class=\"wp-block-group alignwide is-vertical is-content-justification-center is-layout-flex wp-container-core-group-is-layout-73a99bce wp-block-group-is-layout-flex\"><div data-block-name=\"woocommerce\/all-products\" data-columns=\"3\" data-rows=\"3\" data-align-buttons=\"false\" data-content-visibility=\"{&quot;orderBy&quot;:true}\" data-orderby=\"date\" data-layout-config=\"[[&quot;woocommerce\\\/product-image&quot;,{&quot;imageSizing&quot;:&quot;thumbnail&quot;}],[&quot;woocommerce\\\/product-title&quot;],[&quot;woocommerce\\\/product-price&quot;],[&quot;woocommerce\\\/product-rating&quot;],[&quot;woocommerce\\\/product-button&quot;]]\" class=\"wp-block-woocommerce-all-products alignwide wc-block-all-products\" data-attributes=\"{&quot;align&quot;:&quot;wide&quot;,&quot;alignButtons&quot;:false,&quot;columns&quot;:3,&quot;contentVisibility&quot;:{&quot;orderBy&quot;:true},&quot;isPreview&quot;:false,&quot;layoutConfig&quot;:[[&quot;woocommerce\/product-image&quot;,{&quot;imageSizing&quot;:&quot;thumbnail&quot;}],[&quot;woocommerce\/product-title&quot;],[&quot;woocommerce\/product-price&quot;],[&quot;woocommerce\/product-rating&quot;],[&quot;woocommerce\/product-button&quot;]],&quot;orderby&quot;:&quot;date&quot;,&quot;rows&quot;:3}\"><div data-block-name=\"woocommerce\/product-image\" data-image-sizing=\"thumbnail\" class=\"is-loading\"><\/div>\n\n<div data-block-name=\"woocommerce\/product-title\" class=\"wp-block-woocommerce-product-title is-loading\"><\/div>\n\n<div data-block-name=\"woocommerce\/product-price\" class=\"is-loading\"><\/div>\n\n<div data-block-name=\"woocommerce\/product-rating\" class=\"is-loading\"><\/div>\n\n<\/div><\/div>\n<\/div>\n<\/div>\n","protected":false},"excerpt":{"rendered":"<p>&#x25aa;\ufe0e CD Pferdehaarschmuck &#8211; est. 2015 &#x25aa;\ufe0e Entdecken Sie die Einzigartigkeit \u2013 Ihr individuelles Schmuckst\u00fcck aus Schweifhaar Sind Sie auf&hellip;<\/p>\n","protected":false},"author":1,"featured_media":0,"parent":0,"menu_order":0,"comment_status":"closed","ping_status":"closed","template":"","meta":{"footnotes":""},"class_list":["post-2","page","type-page","status-publish","hentry"],"_links":{"self":[{"href":"https:\/\/pferdehaar-armbaender.de\/index.php?rest_route=\/wp\/v2\/pages\/2","targetHints":{"allow":["GET"]}}],"collection":[{"href":"https:\/\/pferdehaar-armbaender.de\/index.php?rest_route=\/wp\/v2\/pages"}],"about":[{"href":"https:\/\/pferdehaar-armbaender.de\/index.php?rest_route=\/wp\/v2\/types\/page"}],"author":[{"embeddable":true,"href":"https:\/\/pferdehaar-armbaender.de\/index.php?rest_route=\/wp\/v2\/users\/1"}],"replies":[{"embeddable":true,"href":"https:\/\/pferdehaar-armbaender.de\/index.php?rest_route=%2Fwp%2Fv2%2Fcomments&post=2"}],"version-history":[{"count":37,"href":"https:\/\/pferdehaar-armbaender.de\/index.php?rest_route=\/wp\/v2\/pages\/2\/revisions"}],"predecessor-version":[{"id":12740,"href":"https:\/\/pferdehaar-armbaender.de\/index.php?rest_route=\/wp\/v2\/pages\/2\/revisions\/12740"}],"wp:attachment":[{"href":"https:\/\/pferdehaar-armbaender.de\/index.php?rest_route=%2Fwp%2Fv2%2Fmedia&parent=2"}],"curies":[{"name":"wp","href":"https:\/\/api.w.org\/{rel}","templated":true}]}}